{"id":5034,"date":"2020-10-15T19:50:18","date_gmt":"2020-10-15T23:50:18","guid":{"rendered":"https:\/\/epiderma.ca\/product\/vivier-pharma-hyperpigmentation-program-2-hq\/"},"modified":"2024-02-07T16:04:37","modified_gmt":"2024-02-07T21:04:37","slug":"brighten-and-restore-program-2-hydroquinone","status":"publish","type":"product","link":"https:\/\/boutique.epiderma.ca\/en\/product\/brighten-and-restore-program-2-hydroquinone\/","title":{"rendered":"Brighten &#038; Restore Program (2% Hydroquinone)"},"content":{"rendered":"<h3>Your new beauty routine in six easy steps.<\/h3>\n<p>With the Brighten and Restore Program (2% Hydroquinone) and just 4 minutes a day, you can erase years of skin damage. Our pharmaceutical grade skin restoration program will gently and effectively restore your skin\u2019s vitality so you can enjoy visible improvements in dark spots, aging skin, irregular skin texture and tone.<\/p>\n<p>For mild, moderate to severe skin condition.<\/p>\n<p><strong>Product Package Program<\/strong><\/p>\n<p>Your customized Brighten and Restore Program (2% Hydroquinone) includes six full size pharmaceutical grade products in an elegant cosmetic bag: Medicated Wash, Advanced Skin Lightening S\u0113rum, Corrector 2, Exfoliant Forte, Retinol 1% Night Complex and Sheer Broad Spectrum SPF 45.<\/p>\n","protected":false},"excerpt":{"rendered":"<p>Your new beauty routine in six easy steps. With the Brighten and Restore Program (2% Hydroquinone) and just 4 minutes a day, you can erase years of skin damage. Our pharmaceutical grade skin restoration program will gently and effectively restore your skin\u2019s vitality so you can enjoy visible improvements in dark spots, aging skin, irregular [&hellip;]<\/p>\n","protected":false},"featured_media":22424,"template":"","meta":{"_acf_changed":false},"tax_product_brands":[192],"product_cat":[178,130,139,180,167,187,128,164,194,622,136,186,131,129],"product_tag":[],"class_list":{"0":"post-5034","1":"product","2":"type-product","3":"status-publish","4":"has-post-thumbnail","6":"product_brand-vivier-pharma-en","7":"product_cat-cleanser-makeup-removal","8":"product_cat-cream","9":"product_cat-dark-spot","10":"product_cat-dilated-pores","11":"product_cat-exfoliant-en","12":"product_cat-face-neck-and-neckline","13":"product_cat-firming","14":"product_cat-gift-set","15":"product_cat-made-in-quebec","16":"product_cat-not-tested-on-animals","17":"product_cat-radiance","18":"product_cat-serum-en","19":"product_cat-sun-care","20":"product_cat-wrinkle-and-fines-lines","22":"first","23":"instock","24":"taxable","25":"shipping-taxable","26":"purchasable","27":"product-type-simple"},"acf":{"excerpt":"With the Brighten and Restore Program (2% Hydroquinone) and just 4 minutes a day, you can erase years of skin damage.","format":"Product Package Program","ingredients":"S\u00e9rum \u00e9claircissant avanc\u00e9: INGR\u00c9DIENTS ACTIFS: HYDROQUINONE USP 2 % AVEC ACIDE L-ASCORBIQUE USP, BREVET\u00c9 \/ INGR\u00c9DIENTS NON-M\u00c9DICINAUX: CITRUS GRANDIS (GRAPEFRUIT\/PAMPLEMOUSSE) EXTRACT, ETHOXYDIGLYCOL, FRAGRANCE, L-ASCORBIC ACID USP, PROPYLENE GLYCOL, WATER\/EAU \/\/ Sheer \u00e0 large spectre FPS 45: ACTIVE INGREDIENTS: 9.9% ZINC OXIDE, 8.0% OCTOCRYLENE, 7.5% ETHYLHEXYL METHOXYCINNAMATE (OCTINOXATE), 5.0% ETHYLHEXYL SALICYLATE \/ NON-MEDICINAL INGREDIENTS: BEHENYL ALCOHOL, BUTYLPARABEN, BUTYROSPERMUM PARKII (SHEA BUTTER), C12-15 ALKYL BENZOATE, CETEARETH-20, CETEARYL ALCOHOL, CYCLOHEXASILOXANE, CYCLOPENTASILOXANE, ETHYLPARABEN, METHYLPARABEN, PHENOXYETHANOL, PHENYL TRIMETHICONE, PROPYLPARABEN, SILICA, TETRASODIUM EDTA, TOCOPHEROL, TRIETHOXYCAPRYLYLSILANE, WATER\/EAU ","product_context_image":false,"quote":{"text":"","author":""},"treatment":[{"ID":1744,"post_author":"53302","post_date":"2020-10-15 18:30:02","post_date_gmt":"2020-10-15 18:30:02","post_content":"<!-- wp:heading -->\n<h2 class=\"wp-block-heading\">Which peeling treatment to choose?<\/h2>\n<!-- \/wp:heading -->\n\n<!-- wp:paragraph -->\n<p><\/p>\n<!-- \/wp:paragraph -->\n\n<!-- wp:heading {\"level\":4} -->\n<h4 class=\"wp-block-heading\"><strong>Acne-Fighting Peel<\/strong><\/h4>\n<!-- \/wp:heading -->\n\n<!-- wp:paragraph -->\n<p>Anti-inflammatory, antibacterial and exfoliating, the Acne-Fighting peel enhances epidermal balance, helps to shrink large pores and generally improves the skin\u2019s appearance and texture. It also helps to fight pimples, clear blackheads, loosen microcysts, reduce dark spots and erase mild to moderate acne scars.<\/p>\n<!-- \/wp:paragraph -->\n\n<!-- wp:heading {\"level\":4} -->\n<h4 class=\"wp-block-heading\"><strong>Micro-Peel Vitalizing<\/strong><\/h4>\n<!-- \/wp:heading -->\n\n<!-- wp:paragraph -->\n<p>Our Vivifiant treatment gently and effectively regenerates skin vitality for an even and radiant complexion. It offers visible improvements, such as reducing large pores, erasing pigment spots, fine lines and wrinkles, as well as improving skin texture and signs of aging.<\/p>\n<!-- \/wp:paragraph -->\n\n<!-- wp:heading {\"level\":4} -->\n<h4 class=\"wp-block-heading\"><strong>Allure Peel<\/strong><\/h4>\n<!-- \/wp:heading -->\n\n<!-- wp:paragraph -->\n<p>The Allure peel reduces the appearance of age spots, enlarged pores, hyperpigmentation, fine lines and wrinkles as well as any other superficial imperfections. Within a few weeks, the skin\u2019s complexion and texture are improved while becoming softer and firmer.<\/p>\n<!-- \/wp:paragraph -->\n\n<!-- wp:paragraph -->\n<p><\/p>\n<!-- \/wp:paragraph -->","post_title":"Peeling","post_excerpt":"Revive your skin\u2019s radiance with a peel. This treatment deeply cleanses through exfoliation, removing dead and damaged cells. The peel addresses skin imperfections, resulting in smoother, brighter and healthier-looking skin.","post_status":"publish","comment_status":"closed","ping_status":"closed","post_password":"","post_name":"peeling","to_ping":"","pinged":"","post_modified":"2026-01-30 15:06:45","post_modified_gmt":"2026-01-30 20:06:45","post_content_filtered":"","post_parent":0,"guid":"https:\/\/epiderma.ca\/treatments\/peeling\/","menu_order":0,"post_type":"treatments","post_mime_type":"","comment_count":"0","filter":"raw"},{"ID":1821,"post_author":"53302","post_date":"2020-10-20 13:27:40","post_date_gmt":"2020-10-20 13:27:40","post_content":"<!-- wp:heading -->\n<h2 class=\"wp-block-heading\">Discover the Secret to Radiant Skin<\/h2>\n<!-- \/wp:heading -->\n\n<!-- wp:paragraph -->\n<p><strong>Restore Your Skin\u2019s Radiance: <\/strong>The microdermabrasion treatment uses a stream of microcrystals to exfoliate the skin, eliminate dead cells, and stimulate the natural production of collagen and elastin. From the very first treatment, you will notice a brighter complexion and skin that appears firmer and rejuvenated.<\/p>\n<!-- \/wp:paragraph -->\n\n<!-- wp:paragraph -->\n<p><strong>Enhance Your Skincare Routine:<\/strong> microdermabrasion enhances the absorption of active ingredients from cosmetic products, making it an ideal foundation for your skincare routine.<\/p>\n<!-- \/wp:paragraph -->\n\n<!-- wp:paragraph -->\n<p>For optimal results, it is recommended to undergo 4 to 6 microdermabrasion sessions, spaced 2 to 4 weeks apart, to benefit from deep exfoliation. Furthermore, a microdermabrasion treatment at each change of season is advised to maintain the health and appearance of your skin.<\/p>\n<!-- \/wp:paragraph -->","post_title":"Microdermabrasion","post_excerpt":"Achieve smooth and radiant skin with microdermabrasion. This treatment removes dead cells and deeply exfoliates the skin using a stream of microcrystals. It reduces skin imperfections, evens out skin tone, and restores glow to your complexion.","post_status":"publish","comment_status":"closed","ping_status":"closed","post_password":"","post_name":"microdermabrasion","to_ping":"","pinged":"","post_modified":"2026-01-30 15:38:39","post_modified_gmt":"2026-01-30 20:38:39","post_content_filtered":"","post_parent":0,"guid":"https:\/\/epiderma.ca\/treatments\/microdermabrasion\/","menu_order":0,"post_type":"treatments","post_mime_type":"","comment_count":"0","filter":"raw"}]},"yoast_head":"<!-- This site is optimized with the Yoast SEO plugin v25.9 - https:\/\/yoast.com\/wordpress\/plugins\/seo\/ -->\n<title>Vivier Pharma - Brighten &amp; Restore Program (2% Hydroquinone)<\/title>\n<meta name=\"description\" content=\"With the Brighten and Restore Program (2% Hydroquinone) and just 4 minutes a day, you can erase years of skin damage.\" \/>\n<meta name=\"robots\" content=\"index, follow, max-snippet:-1, max-image-preview:large, max-video-preview:-1\" \/>\n<link rel=\"canonical\" href=\"https:\/\/boutique.epiderma.ca\/en\/product\/brighten-and-restore-program-2-hydroquinone\/\" \/>\n<meta property=\"og:locale\" content=\"en_US\" \/>\n<meta property=\"og:type\" content=\"article\" \/>\n<meta property=\"og:title\" content=\"Vivier Pharma - Brighten &amp; Restore Program (2% Hydroquinone)\" \/>\n<meta property=\"og:description\" content=\"With the Brighten and Restore Program (2% Hydroquinone) and just 4 minutes a day, you can erase years of skin damage.\" \/>\n<meta property=\"og:url\" content=\"https:\/\/boutique.epiderma.ca\/en\/product\/brighten-and-restore-program-2-hydroquinone\/\" \/>\n<meta property=\"og:site_name\" content=\"Epiderma\" \/>\n<meta property=\"article:publisher\" content=\"https:\/\/www.facebook.com\/epiderma.ca\/\" \/>\n<meta property=\"article:modified_time\" content=\"2024-02-07T21:04:37+00:00\" \/>\n<meta property=\"og:image\" content=\"https:\/\/boutique.epiderma.ca\/wp-content\/uploads\/2020\/10\/Eclaircir_retablir_Vivier.png\" \/>\n\t<meta property=\"og:image:width\" content=\"720\" \/>\n\t<meta property=\"og:image:height\" content=\"900\" \/>\n\t<meta property=\"og:image:type\" content=\"image\/png\" \/>\n<meta name=\"twitter:card\" content=\"summary_large_image\" \/>\n<meta name=\"twitter:label1\" content=\"Est. reading time\" \/>\n\t<meta name=\"twitter:data1\" content=\"1 minute\" \/>\n<script type=\"application\/ld+json\" class=\"yoast-schema-graph\">{\"@context\":\"https:\/\/schema.org\",\"@graph\":[{\"@type\":\"WebPage\",\"@id\":\"https:\/\/boutique.epiderma.ca\/en\/product\/brighten-and-restore-program-2-hydroquinone\/\",\"url\":\"https:\/\/boutique.epiderma.ca\/en\/product\/brighten-and-restore-program-2-hydroquinone\/\",\"name\":\"Vivier Pharma - Brighten & Restore Program (2% Hydroquinone)\",\"isPartOf\":{\"@id\":\"https:\/\/boutique.epiderma.ca\/en\/#website\"},\"primaryImageOfPage\":{\"@id\":\"https:\/\/boutique.epiderma.ca\/en\/product\/brighten-and-restore-program-2-hydroquinone\/#primaryimage\"},\"image\":{\"@id\":\"https:\/\/boutique.epiderma.ca\/en\/product\/brighten-and-restore-program-2-hydroquinone\/#primaryimage\"},\"thumbnailUrl\":\"https:\/\/boutique.epiderma.ca\/wp-content\/uploads\/2020\/10\/Eclaircir_retablir_Vivier.png\",\"datePublished\":\"2020-10-15T23:50:18+00:00\",\"dateModified\":\"2024-02-07T21:04:37+00:00\",\"description\":\"With the Brighten and Restore Program (2% Hydroquinone) and just 4 minutes a day, you can erase years of skin damage.\",\"breadcrumb\":{\"@id\":\"https:\/\/boutique.epiderma.ca\/en\/product\/brighten-and-restore-program-2-hydroquinone\/#breadcrumb\"},\"inLanguage\":\"en-US\",\"potentialAction\":[{\"@type\":\"ReadAction\",\"target\":[\"https:\/\/boutique.epiderma.ca\/en\/product\/brighten-and-restore-program-2-hydroquinone\/\"]}]},{\"@type\":\"ImageObject\",\"inLanguage\":\"en-US\",\"@id\":\"https:\/\/boutique.epiderma.ca\/en\/product\/brighten-and-restore-program-2-hydroquinone\/#primaryimage\",\"url\":\"https:\/\/boutique.epiderma.ca\/wp-content\/uploads\/2020\/10\/Eclaircir_retablir_Vivier.png\",\"contentUrl\":\"https:\/\/boutique.epiderma.ca\/wp-content\/uploads\/2020\/10\/Eclaircir_retablir_Vivier.png\",\"width\":720,\"height\":900,\"caption\":\"Eclaircir et r\u00e9tablir - Vivier\"},{\"@type\":\"BreadcrumbList\",\"@id\":\"https:\/\/boutique.epiderma.ca\/en\/product\/brighten-and-restore-program-2-hydroquinone\/#breadcrumb\",\"itemListElement\":[{\"@type\":\"ListItem\",\"position\":1,\"name\":\"Home\",\"item\":\"https:\/\/boutique.epiderma.ca\/en\/\"},{\"@type\":\"ListItem\",\"position\":2,\"name\":\"Online Store\",\"item\":\"https:\/\/boutique.epiderma.ca\/en\/\"},{\"@type\":\"ListItem\",\"position\":3,\"name\":\"Brighten &#038; Restore Program (2% Hydroquinone)\"}]},{\"@type\":\"WebSite\",\"@id\":\"https:\/\/boutique.epiderma.ca\/en\/#website\",\"url\":\"https:\/\/boutique.epiderma.ca\/en\/\",\"name\":\"Epiderma\",\"description\":\"Cliniques M\u00e9dico-Esth\u00e9tiques\",\"potentialAction\":[{\"@type\":\"SearchAction\",\"target\":{\"@type\":\"EntryPoint\",\"urlTemplate\":\"https:\/\/boutique.epiderma.ca\/en\/?s={search_term_string}\"},\"query-input\":{\"@type\":\"PropertyValueSpecification\",\"valueRequired\":true,\"valueName\":\"search_term_string\"}}],\"inLanguage\":\"en-US\"}]}<\/script>\n<!-- \/ Yoast SEO plugin. -->","yoast_head_json":{"title":"Vivier Pharma - Brighten & Restore Program (2% Hydroquinone)","description":"With the Brighten and Restore Program (2% Hydroquinone) and just 4 minutes a day, you can erase years of skin damage.","robots":{"index":"index","follow":"follow","max-snippet":"max-snippet:-1","max-image-preview":"max-image-preview:large","max-video-preview":"max-video-preview:-1"},"canonical":"https:\/\/boutique.epiderma.ca\/en\/product\/brighten-and-restore-program-2-hydroquinone\/","og_locale":"en_US","og_type":"article","og_title":"Vivier Pharma - Brighten & Restore Program (2% Hydroquinone)","og_description":"With the Brighten and Restore Program (2% Hydroquinone) and just 4 minutes a day, you can erase years of skin damage.","og_url":"https:\/\/boutique.epiderma.ca\/en\/product\/brighten-and-restore-program-2-hydroquinone\/","og_site_name":"Epiderma","article_publisher":"https:\/\/www.facebook.com\/epiderma.ca\/","article_modified_time":"2024-02-07T21:04:37+00:00","og_image":[{"width":720,"height":900,"url":"https:\/\/boutique.epiderma.ca\/wp-content\/uploads\/2020\/10\/Eclaircir_retablir_Vivier.png","type":"image\/png"}],"twitter_card":"summary_large_image","twitter_misc":{"Est. reading time":"1 minute"},"schema":{"@context":"https:\/\/schema.org","@graph":[{"@type":"WebPage","@id":"https:\/\/boutique.epiderma.ca\/en\/product\/brighten-and-restore-program-2-hydroquinone\/","url":"https:\/\/boutique.epiderma.ca\/en\/product\/brighten-and-restore-program-2-hydroquinone\/","name":"Vivier Pharma - Brighten & Restore Program (2% Hydroquinone)","isPartOf":{"@id":"https:\/\/boutique.epiderma.ca\/en\/#website"},"primaryImageOfPage":{"@id":"https:\/\/boutique.epiderma.ca\/en\/product\/brighten-and-restore-program-2-hydroquinone\/#primaryimage"},"image":{"@id":"https:\/\/boutique.epiderma.ca\/en\/product\/brighten-and-restore-program-2-hydroquinone\/#primaryimage"},"thumbnailUrl":"https:\/\/boutique.epiderma.ca\/wp-content\/uploads\/2020\/10\/Eclaircir_retablir_Vivier.png","datePublished":"2020-10-15T23:50:18+00:00","dateModified":"2024-02-07T21:04:37+00:00","description":"With the Brighten and Restore Program (2% Hydroquinone) and just 4 minutes a day, you can erase years of skin damage.","breadcrumb":{"@id":"https:\/\/boutique.epiderma.ca\/en\/product\/brighten-and-restore-program-2-hydroquinone\/#breadcrumb"},"inLanguage":"en-US","potentialAction":[{"@type":"ReadAction","target":["https:\/\/boutique.epiderma.ca\/en\/product\/brighten-and-restore-program-2-hydroquinone\/"]}]},{"@type":"ImageObject","inLanguage":"en-US","@id":"https:\/\/boutique.epiderma.ca\/en\/product\/brighten-and-restore-program-2-hydroquinone\/#primaryimage","url":"https:\/\/boutique.epiderma.ca\/wp-content\/uploads\/2020\/10\/Eclaircir_retablir_Vivier.png","contentUrl":"https:\/\/boutique.epiderma.ca\/wp-content\/uploads\/2020\/10\/Eclaircir_retablir_Vivier.png","width":720,"height":900,"caption":"Eclaircir et r\u00e9tablir - Vivier"},{"@type":"BreadcrumbList","@id":"https:\/\/boutique.epiderma.ca\/en\/product\/brighten-and-restore-program-2-hydroquinone\/#breadcrumb","itemListElement":[{"@type":"ListItem","position":1,"name":"Home","item":"https:\/\/boutique.epiderma.ca\/en\/"},{"@type":"ListItem","position":2,"name":"Online Store","item":"https:\/\/boutique.epiderma.ca\/en\/"},{"@type":"ListItem","position":3,"name":"Brighten &#038; Restore Program (2% Hydroquinone)"}]},{"@type":"WebSite","@id":"https:\/\/boutique.epiderma.ca\/en\/#website","url":"https:\/\/boutique.epiderma.ca\/en\/","name":"Epiderma","description":"Cliniques M\u00e9dico-Esth\u00e9tiques","potentialAction":[{"@type":"SearchAction","target":{"@type":"EntryPoint","urlTemplate":"https:\/\/boutique.epiderma.ca\/en\/?s={search_term_string}"},"query-input":{"@type":"PropertyValueSpecification","valueRequired":true,"valueName":"search_term_string"}}],"inLanguage":"en-US"}]}},"_links":{"self":[{"href":"https:\/\/boutique.epiderma.ca\/en\/wp-json\/wp\/v2\/product\/5034","targetHints":{"allow":["GET"]}}],"collection":[{"href":"https:\/\/boutique.epiderma.ca\/en\/wp-json\/wp\/v2\/product"}],"about":[{"href":"https:\/\/boutique.epiderma.ca\/en\/wp-json\/wp\/v2\/types\/product"}],"wp:featuredmedia":[{"embeddable":true,"href":"https:\/\/boutique.epiderma.ca\/en\/wp-json\/wp\/v2\/media\/22424"}],"wp:attachment":[{"href":"https:\/\/boutique.epiderma.ca\/en\/wp-json\/wp\/v2\/media?parent=5034"}],"wp:term":[{"taxonomy":"product_brand","embeddable":true,"href":"https:\/\/boutique.epiderma.ca\/en\/wp-json\/wp\/v2\/tax_product_brands?post=5034"},{"taxonomy":"product_cat","embeddable":true,"href":"https:\/\/boutique.epiderma.ca\/en\/wp-json\/wp\/v2\/product_cat?post=5034"},{"taxonomy":"product_tag","embeddable":true,"href":"https:\/\/boutique.epiderma.ca\/en\/wp-json\/wp\/v2\/product_tag?post=5034"}],"curies":[{"name":"wp","href":"https:\/\/api.w.org\/{rel}","templated":true}]}}