{"id":10129,"date":"2022-02-28T14:10:31","date_gmt":"2022-03-03T15:29:45","guid":{"rendered":"https:\/\/epiderma.ca\/?post_type=product&#038;p=10129"},"modified":"2024-06-25T12:40:55","modified_gmt":"2024-06-25T16:40:55","slug":"total-defense-repair-broad-spectrum-sunscreen-spf-34","status":"publish","type":"product","link":"https:\/\/boutique.epiderma.ca\/en\/product\/total-defense-repair-broad-spectrum-sunscreen-spf-34\/","title":{"rendered":"Total Defense + Repair Broad Spectrum Sunscreen SPF 34"},"content":{"rendered":"<h3>Appropriate for all skin types.<\/h3>\n<p>Total Defense + Repair is more than a sunscreen; it\u2019s a rejuvenating superscreen, powered by SOL-IR<sup>\u00ae<\/sup>\u00a0Advanced Antioxidant Complex. Traditional broad-spectrum sunscreens only protect against UVA and UVB. Our trio of potent antioxidants is what enables Total Defense + Repair to protect against IR-A and help rejuvenate skin.<\/p>\n<p><strong>Benefits<\/strong><\/p>\n<ul>\n<li>Protect skin from harmful infrared rays (IR-A rays)<\/li>\n<li>Reduce the appearance of lines and wrinkles<\/li>\n<li>Improve the appearance of sun damaged skin<\/li>\n<\/ul>\n<p><strong>How to use<\/strong><\/p>\n<p>When to apply?<br \/>\nApply in the morning, as the last product in your regimen or as needed, at least every 2 hours if in direct sunlight.<\/p>\n<p>Where to apply?<br \/>\nApply to your entire face (neck and chest if desired), and other sun-exposed areas.<\/p>\n<p>How to apply?<br \/>\nDispense onto back of hand and apply generously to face and other sun-exposed areas. Children under 6 months of age, ask a doctor.<\/p>\n<p>&nbsp;<\/p>\n<h3>Sign up and Save<\/h3>\n<p>Discover the beauty of rewards with the new Brillantes Distinctions loyalty program from Allergan Aesthetics. Receive treatments with eligible products and services at an Epiderma clinic and exchange your points for cash. To sign up, visit <strong><a href=\"https:\/\/www.brilliantdistinctions.ca\/?35DDA83FD7DEDF4C5BE82509248A9D8C1EFBA44A1B185BAB4D6EDE3FEB9618E1\" target=\"_blank\" rel=\"noopener\">brilliantdistinctions.ca<\/a><\/strong><\/p>\n","protected":false},"excerpt":{"rendered":"<p>Appropriate for all skin types. Total Defense + Repair is more than a sunscreen; it\u2019s a rejuvenating superscreen, powered by SOL-IR\u00ae\u00a0Advanced Antioxidant Complex. Traditional broad-spectrum sunscreens only protect against UVA and UVB. Our trio of potent antioxidants is what enables Total Defense + Repair to protect against IR-A and help rejuvenate skin. Benefits Protect skin [&hellip;]<\/p>\n","protected":false},"featured_media":10863,"template":"","meta":{"_acf_changed":false},"tax_product_brands":[818],"product_cat":[135,187,127,622,131,129],"product_tag":[],"class_list":{"0":"post-10129","1":"product","2":"type-product","3":"status-publish","4":"has-post-thumbnail","6":"product_brand-skinmedica-en","7":"product_cat-face","8":"product_cat-face-neck-and-neckline","9":"product_cat-moisturizer","10":"product_cat-not-tested-on-animals","11":"product_cat-sun-care","12":"product_cat-wrinkle-and-fines-lines","14":"first","15":"outofstock","16":"sale","17":"taxable","18":"shipping-taxable","19":"purchasable","20":"product-type-simple"},"acf":{"format":"65 g","excerpt":"Revolutionary superscreen goes beyond UV protection to defend against harmful infrared rays while supporting the skin\u2019s ability to restore itself.","ingredients":"Octinoxate 7.5%, Octisalate 3.0%, Titanium Dioxide 3.5%, Zinc Oxide 8.0% - Aqua, Caprylic\/Capric Triglyceride, Squalane, Silica, Glycerin, Niacinamide, Dimethicone, Glyceryl Stearate, PEG-100 Stearate, Cetostearyl Alcohol, Butyrospermum Parkii (Shea) Butter, Phenoxyethanol, Ceteareth-20, Batyl Alcohol, Iron Oxides (CI 77492), Hydroxyacetophenone, Polyhydroxystearic Acid, dl-alpha Tocopheryl Acetate, Physalis Angulata Extract, Butylene Glycol, Xanthan Gum, dl-Panthenol, C12-15 Alkyl Benzoate, Iron Oxides (CI 77491), Betaine, Ethylhexylglycerin, Disodium EDTA, Aminomethyl Propanol, Isostearic Acid, Camellia Sinensis Leaf Extract, Iron Oxides (CI 77499), Potassium Sorbate, Polygonum Aviculare Extract, PEG-12 Dimethicone, Ubiquinone-10, Hydrolyzed Tremella Fuciformis Sporocarp Extract, Melanin, Dunaliella Salina Extract, Caprylyl Glycol, Tocopherols, Sorbic Acid","treatment":[{"ID":9129,"post_author":"53302","post_date":"2021-11-25 11:10:37","post_date_gmt":"2021-11-25 16:10:37","post_content":"<!-- wp:heading -->\n<h2 class=\"wp-block-heading\"><br>A Glowing Boost that Gives Volume and Naturally Reduces Wrinkles<\/h2>\n<!-- \/wp:heading -->\n\n<!-- wp:paragraph -->\n<p><strong>Restore Your Skin\u2019s Firmness: <\/strong>Fillers are primarily composed of hyaluronic acid, a substance naturally present in the body that helps maintain skin hydration and firmness. <\/p>\n<!-- \/wp:paragraph -->\n\n<!-- wp:paragraph -->\n<p><strong>Reduce Signs of Aging: <\/strong>As we age, the amount of hyaluronic acid decreases, leading to a loss of volume and elasticity. Fillers are particularly effective at diminishing signs of aging. By filling fine lines around the lips and eyes, they provide a natural and smooth effect.<\/p>\n<!-- \/wp:paragraph -->\n\n<!-- wp:paragraph -->\n<p><strong>Add Volume to Your Lips and Cheeks: <\/strong>Fillers allow you to plump your lips, add volume to your cheeks and cheekbones, and define the chin and jawline.<\/p>\n<!-- \/wp:paragraph -->\n\n<!-- wp:paragraph -->\n<p><strong>Say Goodbye to Dark Circles! <\/strong>By filling the hollows under the eyes, these agents visibly reduce signs of fatigue and revive the brightness of your gaze.<\/p>\n<!-- \/wp:paragraph -->\n\n<!-- wp:paragraph -->\n<p>For more harmonious results, dermal fillers can be combined with <strong><a href=\"https:\/\/epiderma.ca\/en\/treatment\/neuromodulator-injections\/\">neuromodulator injections<\/a><\/strong>.<\/p>\n<!-- \/wp:paragraph -->","post_title":"Injections - Dermal fillers","post_excerpt":"Over time, the skin loses volume, hydration, and elasticity. Hyaluronic acid, a filler agent, is used to restore volume to the lips, fill in dark circles, and correct areas of the face such as the cheekbones, cheeks, wrinkles, and jawline. Our customized treatments provide natural and harmonious results.","post_status":"publish","comment_status":"closed","ping_status":"closed","post_password":"","post_name":"injections-dermal-fillers","to_ping":"","pinged":"","post_modified":"2026-02-25 14:21:16","post_modified_gmt":"2026-02-25 19:21:16","post_content_filtered":"","post_parent":0,"guid":"https:\/\/epiderma.ca\/?post_type=treatments&#038;p=9129","menu_order":0,"post_type":"treatments","post_mime_type":"","comment_count":"0","filter":"raw"},{"ID":9144,"post_author":"53302","post_date":"2021-11-25 11:41:35","post_date_gmt":"2021-11-25 16:41:35","post_content":"<!-- wp:heading -->\n<h2 class=\"wp-block-heading\">Reduce Wrinkles While Enhancing Your Natural Beauty<\/h2>\n<!-- \/wp:heading -->\n\n<!-- wp:paragraph -->\n<p><strong>Target the Signs of Aging:<\/strong> Neuromodulator injections are an effective solution for reducing signs of aging. They utilize natural proteins to target nerve receptors, relax muscles, and reduce their contractions. This creates a smoothing effect on wrinkles while maintaining a natural appearance.<\/p>\n<!-- \/wp:paragraph -->\n\n<!-- wp:paragraph -->\n<p><strong>Reduce Forehead Wrinkles and Crow's Feet:<\/strong> Neuromodulator injections are particularly effective in the upper part of the face. They can treat forehead wrinkles, the glabellar lines, and crow's feet, resulting in a more relaxed and rejuvenated appearance.<\/p>\n<!-- \/wp:paragraph -->\n\n<!-- wp:paragraph -->\n<p><strong><strong>Enhance the Appearance of Your Smile<\/strong>:<\/strong> Neuromodulators can improve the look of your gums when you smile, reduce the sad expression of your mouth, treat bruxism, and diminish smoker's lines.<\/p>\n<!-- \/wp:paragraph -->\n\n<!-- wp:paragraph -->\n<p><strong>Define Your Jawline:<\/strong> Injections help reduce the appearance of cellulite on the chin and define the jawline for a more harmonious facial contour.<\/p>\n<!-- \/wp:paragraph -->\n\n<!-- wp:paragraph -->\n<p>For more harmonious results, neuromodulator injections can be combined with <strong><a href=\"https:\/\/epiderma.ca\/en\/treatment\/injections-dermal-fillers\/\">dermal fillers<\/a><\/strong>.<\/p>\n<!-- \/wp:paragraph -->","post_title":"Neuromodulator Injections","post_excerpt":"Enhance your natural beauty with neuromodulator injections. Primarily targeting the upper part of the face, these injections are ideal for reducing wrinkles such as crow\u2019s feet, the frown lines between the eyebrows, and forehead lines, providing an effective solution against visible signs of aging.","post_status":"publish","comment_status":"closed","ping_status":"closed","post_password":"","post_name":"neuromodulator-injections","to_ping":"","pinged":"","post_modified":"2026-02-25 14:20:28","post_modified_gmt":"2026-02-25 19:20:28","post_content_filtered":"","post_parent":0,"guid":"https:\/\/epiderma.ca\/?post_type=treatments&#038;p=9144","menu_order":0,"post_type":"treatments","post_mime_type":"","comment_count":"0","filter":"raw"},{"ID":1821,"post_author":"53302","post_date":"2020-10-20 13:27:40","post_date_gmt":"2020-10-20 13:27:40","post_content":"<!-- wp:heading -->\n<h2 class=\"wp-block-heading\">Discover the Secret to Radiant Skin<\/h2>\n<!-- \/wp:heading -->\n\n<!-- wp:paragraph -->\n<p><strong>Restore Your Skin\u2019s Radiance: <\/strong>The microdermabrasion treatment uses a stream of microcrystals to exfoliate the skin, eliminate dead cells, and stimulate the natural production of collagen and elastin. From the very first treatment, you will notice a brighter complexion and skin that appears firmer and rejuvenated.<\/p>\n<!-- \/wp:paragraph -->\n\n<!-- wp:paragraph -->\n<p><strong>Enhance Your Skincare Routine:<\/strong> microdermabrasion enhances the absorption of active ingredients from cosmetic products, making it an ideal foundation for your skincare routine.<\/p>\n<!-- \/wp:paragraph -->\n\n<!-- wp:paragraph -->\n<p>For optimal results, it is recommended to undergo 4 to 6 microdermabrasion sessions, spaced 2 to 4 weeks apart, to benefit from deep exfoliation. Furthermore, a microdermabrasion treatment at each change of season is advised to maintain the health and appearance of your skin.<\/p>\n<!-- \/wp:paragraph -->","post_title":"Microdermabrasion","post_excerpt":"Achieve smooth and radiant skin with microdermabrasion. This treatment removes dead cells and deeply exfoliates the skin using a stream of microcrystals. It reduces skin imperfections, evens out skin tone, and restores glow to your complexion.","post_status":"publish","comment_status":"closed","ping_status":"closed","post_password":"","post_name":"microdermabrasion","to_ping":"","pinged":"","post_modified":"2026-01-30 15:38:39","post_modified_gmt":"2026-01-30 20:38:39","post_content_filtered":"","post_parent":0,"guid":"https:\/\/epiderma.ca\/treatments\/microdermabrasion\/","menu_order":0,"post_type":"treatments","post_mime_type":"","comment_count":"0","filter":"raw"},{"ID":1744,"post_author":"53302","post_date":"2020-10-15 18:30:02","post_date_gmt":"2020-10-15 18:30:02","post_content":"<!-- wp:heading -->\n<h2 class=\"wp-block-heading\">Which peeling treatment to choose?<\/h2>\n<!-- \/wp:heading -->\n\n<!-- wp:paragraph -->\n<p><\/p>\n<!-- \/wp:paragraph -->\n\n<!-- wp:heading {\"level\":4} -->\n<h4 class=\"wp-block-heading\"><strong>Acne-Fighting Peel<\/strong><\/h4>\n<!-- \/wp:heading -->\n\n<!-- wp:paragraph -->\n<p>Anti-inflammatory, antibacterial and exfoliating, the Acne-Fighting peel enhances epidermal balance, helps to shrink large pores and generally improves the skin\u2019s appearance and texture. It also helps to fight pimples, clear blackheads, loosen microcysts, reduce dark spots and erase mild to moderate acne scars.<\/p>\n<!-- \/wp:paragraph -->\n\n<!-- wp:heading {\"level\":4} -->\n<h4 class=\"wp-block-heading\"><strong>Micro-Peel Vitalizing<\/strong><\/h4>\n<!-- \/wp:heading -->\n\n<!-- wp:paragraph -->\n<p>Our Vivifiant treatment gently and effectively regenerates skin vitality for an even and radiant complexion. It offers visible improvements, such as reducing large pores, erasing pigment spots, fine lines and wrinkles, as well as improving skin texture and signs of aging.<\/p>\n<!-- \/wp:paragraph -->\n\n<!-- wp:heading {\"level\":4} -->\n<h4 class=\"wp-block-heading\"><strong>Allure Peel<\/strong><\/h4>\n<!-- \/wp:heading -->\n\n<!-- wp:paragraph -->\n<p>The Allure peel reduces the appearance of age spots, enlarged pores, hyperpigmentation, fine lines and wrinkles as well as any other superficial imperfections. Within a few weeks, the skin\u2019s complexion and texture are improved while becoming softer and firmer.<\/p>\n<!-- \/wp:paragraph -->\n\n<!-- wp:paragraph -->\n<p><\/p>\n<!-- \/wp:paragraph -->","post_title":"Peeling","post_excerpt":"Revive your skin\u2019s radiance with a peel. This treatment deeply cleanses through exfoliation, removing dead and damaged cells. The peel addresses skin imperfections, resulting in smoother, brighter and healthier-looking skin.","post_status":"publish","comment_status":"closed","ping_status":"closed","post_password":"","post_name":"peeling","to_ping":"","pinged":"","post_modified":"2026-01-30 15:06:45","post_modified_gmt":"2026-01-30 20:06:45","post_content_filtered":"","post_parent":0,"guid":"https:\/\/epiderma.ca\/treatments\/peeling\/","menu_order":0,"post_type":"treatments","post_mime_type":"","comment_count":"0","filter":"raw"},{"ID":7279,"post_author":"53302","post_date":"2021-05-14 13:51:15","post_date_gmt":"2021-05-14 17:51:15","post_content":"<!-- wp:heading -->\n<h2 class=\"wp-block-heading\">Photorejuvenation: The solution to Reduce Spots and Redness<\/h2>\n<!-- \/wp:heading -->\n\n<!-- wp:paragraph -->\n<p><strong>Target the Signs of Aging and Sun Damage:<\/strong> The photorejuvenation treatment effectively addresses minor pigmentation and vascular issues such as hyperpigmentation, freckles, lentigo, telangiectasias, <a href=\"https:\/\/epiderma.ca\/en\/treatment\/couperose\/\">couperose<\/a>, rosacea, and erythrosis.<\/p>\n<!-- \/wp:paragraph -->\n\n<!-- wp:paragraph -->\n<p><strong>An Effective Treatment with Elos Plus Technology:<\/strong> Photorejuvenation utilizes the advanced Elos Plus (SRA) technology, which combines intense pulsed light (IPL) and bipolar radiofrequency for precise results.<\/p>\n<!-- \/wp:paragraph -->\n\n<!-- wp:paragraph -->\n<p><strong>Visible and Lasting Results:<\/strong> This treatment offers a noticeable reduction in pigmentation spots and redness, improving your skin's texture for a more even and radiant complexion.<\/p>\n<!-- \/wp:paragraph -->\n\n<!-- wp:paragraph -->\n<p><strong>Safety and Medical Expertise:<\/strong> Photorejuvenation is performed under medical supervision to ensure your safety and the effectiveness of the treatment. A medical prescription is required, and you will receive all the necessary information during your initial consultation.<\/p>\n<!-- \/wp:paragraph -->","post_title":"Photorejuvenation","post_excerpt":"Photorejuvenation uses intense pulsed light (IPL) to enhance the appearance of the skin. This treatment targets pigmentary and vascular issues on the face. Ideal for treating hyperpigmentation, redness, and skin imperfections, it reduces sun damage and signs of aging.","post_status":"publish","comment_status":"closed","ping_status":"closed","post_password":"","post_name":"photorejuvenation","to_ping":"","pinged":"","post_modified":"2026-02-19 09:28:18","post_modified_gmt":"2026-02-19 14:28:18","post_content_filtered":"","post_parent":0,"guid":"https:\/\/epiderma.ca\/?post_type=treatments&#038;p=7279","menu_order":0,"post_type":"treatments","post_mime_type":"","comment_count":"0","filter":"raw"}],"product_context_image":false,"quote":{"text":"","author":""}},"yoast_head":"<!-- This site is optimized with the Yoast SEO plugin v25.9 - https:\/\/yoast.com\/wordpress\/plugins\/seo\/ -->\n<title>Total Defense + Repair Broad Spectrum Sunscreen SPF 34<\/title>\n<meta name=\"description\" content=\"Revolutionary superscreen goes beyond UV protection to defend against harmful infrared rays while supporting the skin\u2019s ability to restore itself.\" \/>\n<meta name=\"robots\" content=\"index, follow, max-snippet:-1, max-image-preview:large, max-video-preview:-1\" \/>\n<link rel=\"canonical\" href=\"https:\/\/boutique.epiderma.ca\/en\/product\/total-defense-repair-broad-spectrum-sunscreen-spf-34\/\" \/>\n<meta property=\"og:locale\" content=\"en_US\" \/>\n<meta property=\"og:type\" content=\"article\" \/>\n<meta property=\"og:title\" content=\"Total Defense + Repair Broad Spectrum Sunscreen SPF 34\" \/>\n<meta property=\"og:description\" content=\"Revolutionary superscreen goes beyond UV protection to defend against harmful infrared rays while supporting the skin\u2019s ability to restore itself.\" \/>\n<meta property=\"og:url\" content=\"https:\/\/boutique.epiderma.ca\/en\/product\/total-defense-repair-broad-spectrum-sunscreen-spf-34\/\" \/>\n<meta property=\"og:site_name\" content=\"Epiderma\" \/>\n<meta property=\"article:publisher\" content=\"https:\/\/www.facebook.com\/epiderma.ca\/\" \/>\n<meta property=\"article:modified_time\" content=\"2024-06-25T16:40:55+00:00\" \/>\n<meta property=\"og:image\" content=\"https:\/\/boutique.epiderma.ca\/wp-content\/uploads\/2022\/01\/TDR_34_SPF.png\" \/>\n\t<meta property=\"og:image:width\" content=\"720\" \/>\n\t<meta property=\"og:image:height\" content=\"900\" \/>\n\t<meta property=\"og:image:type\" content=\"image\/png\" \/>\n<meta name=\"twitter:card\" content=\"summary_large_image\" \/>\n<meta name=\"twitter:label1\" content=\"Est. reading time\" \/>\n\t<meta name=\"twitter:data1\" content=\"2 minutes\" \/>\n<script type=\"application\/ld+json\" class=\"yoast-schema-graph\">{\"@context\":\"https:\/\/schema.org\",\"@graph\":[{\"@type\":\"WebPage\",\"@id\":\"https:\/\/boutique.epiderma.ca\/en\/product\/total-defense-repair-broad-spectrum-sunscreen-spf-34\/\",\"url\":\"https:\/\/boutique.epiderma.ca\/en\/product\/total-defense-repair-broad-spectrum-sunscreen-spf-34\/\",\"name\":\"Total Defense + Repair Broad Spectrum Sunscreen SPF 34\",\"isPartOf\":{\"@id\":\"https:\/\/boutique.epiderma.ca\/en\/#website\"},\"primaryImageOfPage\":{\"@id\":\"https:\/\/boutique.epiderma.ca\/en\/product\/total-defense-repair-broad-spectrum-sunscreen-spf-34\/#primaryimage\"},\"image\":{\"@id\":\"https:\/\/boutique.epiderma.ca\/en\/product\/total-defense-repair-broad-spectrum-sunscreen-spf-34\/#primaryimage\"},\"thumbnailUrl\":\"https:\/\/boutique.epiderma.ca\/wp-content\/uploads\/2022\/01\/TDR_34_SPF.png\",\"datePublished\":\"2022-03-03T15:29:45+00:00\",\"dateModified\":\"2024-06-25T16:40:55+00:00\",\"description\":\"Revolutionary superscreen goes beyond UV protection to defend against harmful infrared rays while supporting the skin\u2019s ability to restore itself.\",\"breadcrumb\":{\"@id\":\"https:\/\/boutique.epiderma.ca\/en\/product\/total-defense-repair-broad-spectrum-sunscreen-spf-34\/#breadcrumb\"},\"inLanguage\":\"en-US\",\"potentialAction\":[{\"@type\":\"ReadAction\",\"target\":[\"https:\/\/boutique.epiderma.ca\/en\/product\/total-defense-repair-broad-spectrum-sunscreen-spf-34\/\"]}]},{\"@type\":\"ImageObject\",\"inLanguage\":\"en-US\",\"@id\":\"https:\/\/boutique.epiderma.ca\/en\/product\/total-defense-repair-broad-spectrum-sunscreen-spf-34\/#primaryimage\",\"url\":\"https:\/\/boutique.epiderma.ca\/wp-content\/uploads\/2022\/01\/TDR_34_SPF.png\",\"contentUrl\":\"https:\/\/boutique.epiderma.ca\/wp-content\/uploads\/2022\/01\/TDR_34_SPF.png\",\"width\":720,\"height\":900,\"caption\":\"\u00c9cran solaire D\u00e9fense + r\u00e9paration totales FPS 34 SkinMedica\"},{\"@type\":\"BreadcrumbList\",\"@id\":\"https:\/\/boutique.epiderma.ca\/en\/product\/total-defense-repair-broad-spectrum-sunscreen-spf-34\/#breadcrumb\",\"itemListElement\":[{\"@type\":\"ListItem\",\"position\":1,\"name\":\"Home\",\"item\":\"https:\/\/boutique.epiderma.ca\/en\/\"},{\"@type\":\"ListItem\",\"position\":2,\"name\":\"Online Store\",\"item\":\"https:\/\/boutique.epiderma.ca\/en\/\"},{\"@type\":\"ListItem\",\"position\":3,\"name\":\"Total Defense + Repair Broad Spectrum Sunscreen SPF 34\"}]},{\"@type\":\"WebSite\",\"@id\":\"https:\/\/boutique.epiderma.ca\/en\/#website\",\"url\":\"https:\/\/boutique.epiderma.ca\/en\/\",\"name\":\"Epiderma\",\"description\":\"Cliniques M\u00e9dico-Esth\u00e9tiques\",\"potentialAction\":[{\"@type\":\"SearchAction\",\"target\":{\"@type\":\"EntryPoint\",\"urlTemplate\":\"https:\/\/boutique.epiderma.ca\/en\/?s={search_term_string}\"},\"query-input\":{\"@type\":\"PropertyValueSpecification\",\"valueRequired\":true,\"valueName\":\"search_term_string\"}}],\"inLanguage\":\"en-US\"}]}<\/script>\n<!-- \/ Yoast SEO plugin. -->","yoast_head_json":{"title":"Total Defense + Repair Broad Spectrum Sunscreen SPF 34","description":"Revolutionary superscreen goes beyond UV protection to defend against harmful infrared rays while supporting the skin\u2019s ability to restore itself.","robots":{"index":"index","follow":"follow","max-snippet":"max-snippet:-1","max-image-preview":"max-image-preview:large","max-video-preview":"max-video-preview:-1"},"canonical":"https:\/\/boutique.epiderma.ca\/en\/product\/total-defense-repair-broad-spectrum-sunscreen-spf-34\/","og_locale":"en_US","og_type":"article","og_title":"Total Defense + Repair Broad Spectrum Sunscreen SPF 34","og_description":"Revolutionary superscreen goes beyond UV protection to defend against harmful infrared rays while supporting the skin\u2019s ability to restore itself.","og_url":"https:\/\/boutique.epiderma.ca\/en\/product\/total-defense-repair-broad-spectrum-sunscreen-spf-34\/","og_site_name":"Epiderma","article_publisher":"https:\/\/www.facebook.com\/epiderma.ca\/","article_modified_time":"2024-06-25T16:40:55+00:00","og_image":[{"width":720,"height":900,"url":"https:\/\/boutique.epiderma.ca\/wp-content\/uploads\/2022\/01\/TDR_34_SPF.png","type":"image\/png"}],"twitter_card":"summary_large_image","twitter_misc":{"Est. reading time":"2 minutes"},"schema":{"@context":"https:\/\/schema.org","@graph":[{"@type":"WebPage","@id":"https:\/\/boutique.epiderma.ca\/en\/product\/total-defense-repair-broad-spectrum-sunscreen-spf-34\/","url":"https:\/\/boutique.epiderma.ca\/en\/product\/total-defense-repair-broad-spectrum-sunscreen-spf-34\/","name":"Total Defense + Repair Broad Spectrum Sunscreen SPF 34","isPartOf":{"@id":"https:\/\/boutique.epiderma.ca\/en\/#website"},"primaryImageOfPage":{"@id":"https:\/\/boutique.epiderma.ca\/en\/product\/total-defense-repair-broad-spectrum-sunscreen-spf-34\/#primaryimage"},"image":{"@id":"https:\/\/boutique.epiderma.ca\/en\/product\/total-defense-repair-broad-spectrum-sunscreen-spf-34\/#primaryimage"},"thumbnailUrl":"https:\/\/boutique.epiderma.ca\/wp-content\/uploads\/2022\/01\/TDR_34_SPF.png","datePublished":"2022-03-03T15:29:45+00:00","dateModified":"2024-06-25T16:40:55+00:00","description":"Revolutionary superscreen goes beyond UV protection to defend against harmful infrared rays while supporting the skin\u2019s ability to restore itself.","breadcrumb":{"@id":"https:\/\/boutique.epiderma.ca\/en\/product\/total-defense-repair-broad-spectrum-sunscreen-spf-34\/#breadcrumb"},"inLanguage":"en-US","potentialAction":[{"@type":"ReadAction","target":["https:\/\/boutique.epiderma.ca\/en\/product\/total-defense-repair-broad-spectrum-sunscreen-spf-34\/"]}]},{"@type":"ImageObject","inLanguage":"en-US","@id":"https:\/\/boutique.epiderma.ca\/en\/product\/total-defense-repair-broad-spectrum-sunscreen-spf-34\/#primaryimage","url":"https:\/\/boutique.epiderma.ca\/wp-content\/uploads\/2022\/01\/TDR_34_SPF.png","contentUrl":"https:\/\/boutique.epiderma.ca\/wp-content\/uploads\/2022\/01\/TDR_34_SPF.png","width":720,"height":900,"caption":"\u00c9cran solaire D\u00e9fense + r\u00e9paration totales FPS 34 SkinMedica"},{"@type":"BreadcrumbList","@id":"https:\/\/boutique.epiderma.ca\/en\/product\/total-defense-repair-broad-spectrum-sunscreen-spf-34\/#breadcrumb","itemListElement":[{"@type":"ListItem","position":1,"name":"Home","item":"https:\/\/boutique.epiderma.ca\/en\/"},{"@type":"ListItem","position":2,"name":"Online Store","item":"https:\/\/boutique.epiderma.ca\/en\/"},{"@type":"ListItem","position":3,"name":"Total Defense + Repair Broad Spectrum Sunscreen SPF 34"}]},{"@type":"WebSite","@id":"https:\/\/boutique.epiderma.ca\/en\/#website","url":"https:\/\/boutique.epiderma.ca\/en\/","name":"Epiderma","description":"Cliniques M\u00e9dico-Esth\u00e9tiques","potentialAction":[{"@type":"SearchAction","target":{"@type":"EntryPoint","urlTemplate":"https:\/\/boutique.epiderma.ca\/en\/?s={search_term_string}"},"query-input":{"@type":"PropertyValueSpecification","valueRequired":true,"valueName":"search_term_string"}}],"inLanguage":"en-US"}]}},"_links":{"self":[{"href":"https:\/\/boutique.epiderma.ca\/en\/wp-json\/wp\/v2\/product\/10129","targetHints":{"allow":["GET"]}}],"collection":[{"href":"https:\/\/boutique.epiderma.ca\/en\/wp-json\/wp\/v2\/product"}],"about":[{"href":"https:\/\/boutique.epiderma.ca\/en\/wp-json\/wp\/v2\/types\/product"}],"wp:featuredmedia":[{"embeddable":true,"href":"https:\/\/boutique.epiderma.ca\/en\/wp-json\/wp\/v2\/media\/10863"}],"wp:attachment":[{"href":"https:\/\/boutique.epiderma.ca\/en\/wp-json\/wp\/v2\/media?parent=10129"}],"wp:term":[{"taxonomy":"product_brand","embeddable":true,"href":"https:\/\/boutique.epiderma.ca\/en\/wp-json\/wp\/v2\/tax_product_brands?post=10129"},{"taxonomy":"product_cat","embeddable":true,"href":"https:\/\/boutique.epiderma.ca\/en\/wp-json\/wp\/v2\/product_cat?post=10129"},{"taxonomy":"product_tag","embeddable":true,"href":"https:\/\/boutique.epiderma.ca\/en\/wp-json\/wp\/v2\/product_tag?post=10129"}],"curies":[{"name":"wp","href":"https:\/\/api.w.org\/{rel}","templated":true}]}}